{"id":2581,"date":"2024-06-15T17:42:04","date_gmt":"2024-06-15T15:42:04","guid":{"rendered":"https:\/\/bolonka.nrw\/mentions-legales\/"},"modified":"2025-08-10T08:33:08","modified_gmt":"2025-08-10T06:33:08","slug":"mentions-legales","status":"publish","type":"page","link":"https:\/\/bolonka.nrw\/fr\/mentions-legales\/","title":{"rendered":"Mentions l\u00e9gales"},"content":{"rendered":"<style>.kb-row-layout-id1321_1d5864-d3 > .kt-row-column-wrap{align-content:start;}:where(.kb-row-layout-id1321_1d5864-d3 > .kt-row-column-wrap) > .wp-block-kadence-column{justify-content:start;}.kb-row-layout-id1321_1d5864-d3 > .kt-row-column-wrap{column-gap:var(--global-kb-gap-md, 2rem);row-gap:var(--global-kb-gap-md, 2rem);max-width:var( --global-content-width, 1290px );padding-left:var(--global-content-edge-padding);padding-right:var(--global-content-edge-padding);padding-top:var(--global-kb-spacing-sm, 1.5rem);padding-bottom:var(--global-kb-spacing-sm, 1.5rem);grid-template-columns:minmax(0, 1fr);}.kb-row-layout-id1321_1d5864-d3 > .kt-row-layout-overlay{opacity:0.30;}@media all and (max-width: 1024px){.kb-row-layout-id1321_1d5864-d3 > .kt-row-column-wrap{grid-template-columns:minmax(0, 1fr);}}@media all and (max-width: 767px){.kb-row-layout-id1321_1d5864-d3 > .kt-row-column-wrap{grid-template-columns:minmax(0, 1fr);}}<\/style><div class=\"kb-row-layout-wrap kb-row-layout-id1321_1d5864-d3 alignnone wp-block-kadence-rowlayout\"><div class=\"kt-row-column-wrap kt-has-1-columns kt-row-layout-equal kt-tab-layout-inherit kt-mobile-layout-row kt-row-valign-top kb-theme-content-width\">\n<style>.kadence-column1321_ec37fa-40 > .kt-inside-inner-col,.kadence-column1321_ec37fa-40 > .kt-inside-inner-col:before{border-top-left-radius:0px;border-top-right-radius:0px;border-bottom-right-radius:0px;border-bottom-left-radius:0px;}.kadence-column1321_ec37fa-40 > .kt-inside-inner-col{column-gap:var(--global-kb-gap-sm, 1rem);}.kadence-column1321_ec37fa-40 > .kt-inside-inner-col{flex-direction:column;}.kadence-column1321_ec37fa-40 > .kt-inside-inner-col > .aligncenter{width:100%;}.kadence-column1321_ec37fa-40 > .kt-inside-inner-col:before{opacity:0.3;}.kadence-column1321_ec37fa-40{position:relative;}@media all and (max-width: 1024px){.kadence-column1321_ec37fa-40 > .kt-inside-inner-col{flex-direction:column;justify-content:center;}}@media all and (max-width: 767px){.kadence-column1321_ec37fa-40 > .kt-inside-inner-col{flex-direction:column;justify-content:center;}}<\/style>\n<div class=\"wp-block-kadence-column kadence-column1321_ec37fa-40\"><div class=\"kt-inside-inner-col\">\n<p>Hubert Walkenhaus<br\/>Bolonka Zwetna Walkenhaus<br\/>Nachtigallenweg 38<br\/>50169 Kerpen<\/p>\n\n<h2>Contact<\/h2>\n<p>T\u00e9l\u00e9phone : 02237 \/ 9799300<br\/>E-mail : info@bolonka.nrw<\/p>\n\n<h2>Responsable de la r\u00e9daction<\/h2>\n<p>Andrea Walkenhaus<br\/>Nachtigallenweg 38<br\/>50169 Kerpen<\/p>\n\n<h2>R\u00e8glement des litiges de consommation\/organe universel de conciliation<\/h2>\n<p>Nous ne sommes pas pr\u00eats ou oblig\u00e9s de participer \u00e0 des proc\u00e9dures de r\u00e8glement des litiges devant un organisme de conciliation des consommateurs.<\/p>\n\n\n\n<h2>Mise en \u0153uvre du site web<\/h2>\n<a title=\"ZYs Service - Le service est notre force\" href=\"https:\/\/www.zys-service.de\/\" target=\"_blank\" rel=\"noopener\">ZYs Service &#8211; Le service est notre force<\/a>\n<\/div><\/div>\n\n<\/div><\/div>","protected":false},"excerpt":{"rendered":"<p>Hubert WalkenhausBolonka Zwetna WalkenhausNachtigallenweg 3850169 Kerpen Contact T\u00e9l\u00e9phone : 02237 \/ 9799300E-mail : info@bolonka.nrw Responsable de la r\u00e9daction Andrea WalkenhausNachtigallenweg 3850169 Kerpen R\u00e8glement des litiges de consommation\/organe universel de conciliation Nous ne sommes pas pr\u00eats ou oblig\u00e9s de participer \u00e0 des proc\u00e9dures de r\u00e8glement des litiges devant un organisme de conciliation des consommateurs. Mise en&#8230;<\/p>\n","protected":false},"author":3,"featured_media":0,"parent":0,"menu_order":8,"comment_status":"closed","ping_status":"closed","template":"","meta":{"_kad_blocks_custom_css":"","_kad_blocks_head_custom_js":"","_kad_blocks_body_custom_js":"","_kad_blocks_footer_custom_js":"","_kad_post_transparent":"","_kad_post_title":"","_kad_post_layout":"","_kad_post_sidebar_id":"","_kad_post_content_style":"","_kad_post_vertical_padding":"","_kad_post_feature":"","_kad_post_feature_position":"","_kad_post_header":false,"_kad_post_footer":false,"_kad_post_classname":"","footnotes":""},"class_list":["post-2581","page","type-page","status-publish","hentry"],"taxonomy_info":[],"featured_image_src_large":false,"author_info":{"display_name":"Bolonka","author_link":"https:\/\/bolonka.nrw\/fr\/author\/bolonkaadm\/"},"comment_info":0,"_links":{"self":[{"href":"https:\/\/bolonka.nrw\/fr\/wp-json\/wp\/v2\/pages\/2581","targetHints":{"allow":["GET"]}}],"collection":[{"href":"https:\/\/bolonka.nrw\/fr\/wp-json\/wp\/v2\/pages"}],"about":[{"href":"https:\/\/bolonka.nrw\/fr\/wp-json\/wp\/v2\/types\/page"}],"author":[{"embeddable":true,"href":"https:\/\/bolonka.nrw\/fr\/wp-json\/wp\/v2\/users\/3"}],"replies":[{"embeddable":true,"href":"https:\/\/bolonka.nrw\/fr\/wp-json\/wp\/v2\/comments?post=2581"}],"version-history":[{"count":3,"href":"https:\/\/bolonka.nrw\/fr\/wp-json\/wp\/v2\/pages\/2581\/revisions"}],"predecessor-version":[{"id":2742,"href":"https:\/\/bolonka.nrw\/fr\/wp-json\/wp\/v2\/pages\/2581\/revisions\/2742"}],"wp:attachment":[{"href":"https:\/\/bolonka.nrw\/fr\/wp-json\/wp\/v2\/media?parent=2581"}],"curies":[{"name":"wp","href":"https:\/\/api.w.org\/{rel}","templated":true}]}}